{"id":3005,"date":"2022-11-17T11:41:17","date_gmt":"2022-11-17T11:41:17","guid":{"rendered":"https:\/\/boada.eu\/?page_id=3005"},"modified":"2024-09-12T06:57:18","modified_gmt":"2024-09-12T06:57:18","slug":"servicios","status":"publish","type":"page","link":"https:\/\/boada.eu\/es\/servicios\/","title":{"rendered":"Servicios"},"content":{"rendered":"<div class=\"wpb-content-wrapper\"><p>[vc_row css=&#8221;.vc_custom_1668680350963{padding-top: 70px !important;padding-bottom: 60px !important;}&#8221;][vc_column]<div class=\"\">\n\t<div class=\"rt-vc-title-2 rtin-section-title-center\">\n\t\t\t\t\t<h2 class=\"rt-section-title-vc title32 mitle28\" style=\"font-size:36px; color:#222222;\">Tus asesores de confianza<\/h2>\n\t\t\t\t\t<div class=\"rt-section-sub-title-vc\" style=\"width:100%; color:#444444;\">Boada Associats ofrece servicios de asesoramiento integral a empresas y particulares en el \u00e1mbito fiscal, mercantil, laboral, contable y civil. Nuestra prioridad es ofrecer un servicio de calidad y profesionalidad, 100% personalizado y adaptado a las necesidades de cada cliente.<\/div>\n\t\t\t<\/div>\n<\/div>[vc_row_inner css=&#8221;.vc_custom_1726124232874{padding-top: 15px !important;}&#8221;][vc_column_inner][vc_column_text]<\/p>\n<h3 style=\"text-align: left; color: #ce945a;\"><span style=\"color: #65acbd;\"><strong>Descubre nuestros servicios<\/strong><\/span><\/h3>\n<p>[\/vc_column_text][\/vc_column_inner][\/vc_row_inner][\/vc_column][\/vc_row][vc_row css=&#8221;.vc_custom_1668680468053{padding-bottom: 45px !important;}&#8221;][vc_column width=&#8221;1\/3&#8243;][vc_single_image image=&#8221;3039&#8243; img_size=&#8221;full&#8221; css=&#8221;.vc_custom_1668682475508{padding-top: 30px !important;}&#8221;][\/vc_column][vc_column width=&#8221;2\/3&#8243;][vc_column_text]<\/p>\n<h3 style=\"text-align: left; color: #ce945a;\"><span style=\"color: #65acbd;\"><strong>Asesoramiento Tributario &#8211; Fiscal<\/strong><\/span><\/h3>\n<p>[\/vc_column_text][vc_separator color=&#8221;peacoc&#8221; align=&#8221;align_left&#8221; border_width=&#8221;2&#8243; el_width=&#8221;60&#8243; css=&#8221;.vc_custom_1671626511687{padding-bottom: 10px !important;}&#8221;][vc_column_text]<\/p>\n<ul>\n<li style=\"text-align: justify;\">Asesoramiento permanente a empresas societarias e individuales en su vertiente fiscal. Imposici\u00f3n\u00a0 \u00a0 \u00a0 \u00a0 \u00a0 \u00a0 \u00a0 \u00a0 \u00a0 \u00a0 directa e indirecta<\/li>\n<li style=\"text-align: justify;\">Asesoramiento en materia fiscal de patrimonios<\/li>\n<li style=\"text-align: justify;\">Asesoramiento en la planificaci\u00f3n sucesoria.<\/li>\n<li>Asesoramiento en cualquier procedimiento, frente a las administraciones locales, comunidades\u00a0 \u00a0 \u00a0 \u00a0 \u00a0 \u00a0 \u00a0 \u00a0 \u00a0 \u00a0 \u00a0 \u00a0 \u00a0aut\u00f3nomas y estatal, todas ellas relacionadas con la gesti\u00f3n, la recaudaci\u00f3n o la inspecci\u00f3n de los\u00a0 \u00a0 \u00a0 \u00a0 \u00a0 \u00a0 \u00a0 \u00a0 \u00a0 \u00a0 \u00a0 tributos.<\/li>\n<li>Asistencia jur\u00eddica en procedimientos, administrativos, econ\u00f3mico-administrativos y contencioso\u00a0 \u00a0 \u00a0 \u00a0 \u00a0 \u00a0 \u00a0 \u00a0 \u00a0 \u00a0 \u00a0 \u00a0administrativos, especialmente en materia fiscal.<\/li>\n<li style=\"text-align: justify;\">Informaci\u00f3n puntual y detallada de les novedades en la materia. Emisi\u00f3n de informes.<\/li>\n<\/ul>\n<p>[\/vc_column_text][\/vc_column][\/vc_row][vc_row css=&#8221;.vc_custom_1668680478665{padding-bottom: 45px !important;}&#8221;][vc_column width=&#8221;2\/3&#8243;][vc_column_text]<\/p>\n<h3 style=\"text-align: left; color: #ce945a;\"><span style=\"color: #65acbd;\"><strong>Asesoramiento Mercantil<\/strong><\/span><\/h3>\n<p>[\/vc_column_text][vc_separator color=&#8221;peacoc&#8221; align=&#8221;align_left&#8221; border_width=&#8221;2&#8243; el_width=&#8221;60&#8243; css=&#8221;.vc_custom_1671626527437{padding-bottom: 10px !important;}&#8221;][vc_column_text]<\/p>\n<ul>\n<li style=\"text-align: justify;\">Derecho societario: Constituci\u00f3n, modificaci\u00f3n, reestructuraci\u00f3n y extinci\u00f3n de sociedades mercantiles.\u00a0 \u00a0 \u00a0 \u00a0 \u00a0 \u00a0 Procesos de concentraci\u00f3n empresarial. Pactos societarios, parasocietarios y protocolo familiar.<\/li>\n<li style=\"text-align: justify;\">Contrataci\u00f3n mercantil.<\/li>\n<li style=\"text-align: justify;\">Procesos de negociaci\u00f3n, resoluci\u00f3n y rescisi\u00f3n contractuales<\/li>\n<li style=\"text-align: justify;\">Gesti\u00f3n de actos y contratos de trascendencia notarial y registral<\/li>\n<\/ul>\n<p>[\/vc_column_text][\/vc_column][vc_column width=&#8221;1\/3&#8243;][vc_single_image image=&#8221;3041&#8243; img_size=&#8221;full&#8221; css=&#8221;.vc_custom_1668682458433{padding-top: 30px !important;}&#8221;][\/vc_column][\/vc_row][vc_row css=&#8221;.vc_custom_1668680485113{padding-bottom: 45px !important;}&#8221;][vc_column width=&#8221;1\/3&#8243;][vc_single_image image=&#8221;3042&#8243; img_size=&#8221;full&#8221;][\/vc_column][vc_column width=&#8221;2\/3&#8243;][vc_column_text]<\/p>\n<h3 style=\"text-align: left; color: #ce945a;\"><span style=\"color: #65acbd;\"><strong>Asesoramiento Laboral<\/strong><\/span><\/h3>\n<p>[\/vc_column_text][vc_separator color=&#8221;peacoc&#8221; align=&#8221;align_left&#8221; border_width=&#8221;2&#8243; el_width=&#8221;60&#8243; css=&#8221;.vc_custom_1671626541545{padding-bottom: 10px !important;}&#8221;][vc_column_text]<\/p>\n<ul>\n<li style=\"text-align: justify;\">Altas, bajas de empresas societarias y aut\u00f3nomos\/as, trabajadores\/as del hogar, artistas y deportistas.<\/li>\n<li style=\"text-align: justify;\">Gesti\u00f3n de las nominas y retenciones aplicables en funci\u00f3n del origen y la cifra de ingresos<\/li>\n<li style=\"text-align: justify;\">Permisos de trabajo para extranjeros\/as..<\/li>\n<li style=\"text-align: justify;\">Elaboraci\u00f3n de contratos, n\u00f3minas y certificados<\/li>\n<li>Asistencia a Inspecciones de trabajos, ERES, y procedimientos diversos frente a cualesquiera\u00a0 \u00a0 \u00a0 \u00a0 \u00a0 \u00a0 \u00a0 \u00a0 \u00a0 \u00a0 \u00a0 \u00a0 \u00a0 \u00a0 \u00a0administraciones laborales.<\/li>\n<\/ul>\n<p>[\/vc_column_text][\/vc_column][\/vc_row][vc_row css=&#8221;.vc_custom_1668680491972{padding-bottom: 45px !important;}&#8221;][vc_column width=&#8221;2\/3&#8243;][vc_empty_space height=&#8221;20px&#8221;][vc_column_text]<\/p>\n<h3 style=\"text-align: left; color: #ce945a;\"><span style=\"color: #65acbd;\"><strong>Asesoramiento Contable<\/strong><\/span><\/h3>\n<p>[\/vc_column_text][vc_separator color=&#8221;peacoc&#8221; align=&#8221;align_left&#8221; border_width=&#8221;2&#8243; el_width=&#8221;60&#8243; css=&#8221;.vc_custom_1671626561229{padding-bottom: 10px !important;}&#8221;][vc_column_text]<\/p>\n<ul>\n<li style=\"text-align: justify;\">Asesoramiento a la empresa en relaci\u00f3n con sus obligaciones contables y registrales.<\/li>\n<li style=\"text-align: justify;\">Revisiones contables.<\/li>\n<li style=\"text-align: justify;\">Formulaci\u00f3n de las Cuentas Anuales y dep\u00f3sito en el Registro Mercantil y otros registros p\u00fablicos.<\/li>\n<li style=\"text-align: justify;\">Registros contables, libros de contabilidad, principales y auxiliares.<\/li>\n<\/ul>\n<p>[\/vc_column_text][\/vc_column][vc_column width=&#8221;1\/3&#8243;][vc_single_image image=&#8221;3043&#8243; img_size=&#8221;full&#8221;][\/vc_column][\/vc_row][vc_row css=&#8221;.vc_custom_1668680498740{padding-bottom: 45px !important;}&#8221;][vc_column width=&#8221;1\/3&#8243;][vc_single_image image=&#8221;3044&#8243; img_size=&#8221;full&#8221;][\/vc_column][vc_column width=&#8221;2\/3&#8243;][vc_column_text]<\/p>\n<h3 style=\"text-align: left; color: #ce945a;\"><span style=\"color: #65acbd;\"><strong>Asesoramiento Civil<\/strong><\/span><\/h3>\n<p>[\/vc_column_text][vc_separator color=&#8221;peacoc&#8221; align=&#8221;align_left&#8221; border_width=&#8221;2&#8243; el_width=&#8221;60&#8243; css=&#8221;.vc_custom_1671626597592{padding-bottom: 10px !important;}&#8221;][vc_column_text]<\/p>\n<ul>\n<li style=\"text-align: justify;\">Contrataci\u00f3n en general.<\/li>\n<li style=\"text-align: justify;\">Sucesiones testadas e intestadas (judiciales y notariales).<\/li>\n<li style=\"text-align: justify;\">Comunidades de bienes y sociedades civiles<\/li>\n<li style=\"text-align: justify;\">Testamentos, herencias, legados, donaciones.<\/li>\n<li style=\"text-align: justify;\">Reclamaciones de cantidad.<\/li>\n<li style=\"text-align: justify;\">Procedimientos judiciales y de ejecuci\u00f3n.<\/li>\n<\/ul>\n<p>[\/vc_column_text][\/vc_column][\/vc_row][vc_row full_width=&#8221;stretch_row&#8221; css=&#8221;.vc_custom_1510313377816{padding-top: 55px !important;padding-bottom: 100px !important;background-image: url(https:\/\/boada.eu\/wp-content\/uploads\/2017\/10\/appointment.jpg?id=1957) !important;}&#8221;][vc_column]<div class=\"\" style=\"text-align: center;\">\r\n\t<div class=\"rt-text-with-btn\">\r\n\t\t\t\t<div class=\"content-area\">\r\n\t\t\t\t\t<h3 style=\"color: #ffffff; font-size: 36px; font-weight:bold\">\u00bfNECESITAS ASESORAMIENTO?<\/h3>\r\n\t\t\t\t\t\t\t\t\t<a class=\"dark-button\" href=\"https:\/\/boada.eu\/contacto\/\">Ponte en contacto con nosotros<\/a>\r\n\t\t\t\t<\/div>\r\n\t<\/div>\r\n<\/div>[\/vc_column][\/vc_row][vc_row css=&#8221;.vc_custom_1668681370968{padding-top: 0px !important;padding-bottom: 30px !important;}&#8221;][vc_column]<style>#rt-container-1027995637 .single-logo h3, #rt-container-1027995637 .single-logo h3 a {}#rt-container-1027995637 .single-logo .logo-description * {}<\/style><div class='rt-container-fluid rt-wpls rt-loading' id='rt-container-1027995637'  data-sc-id='1936' data-desktop-col='4'  data-tab-col='3'  data-mobile-col='1'><div class='rt-row carousel-layout wpls-carousel ' data-slick='{\n                        \"slidesToShow\": 4,\n                        \"slidesToShowTab\": 3,\n                        \"slidesToShowMobile\": 1,\n                        \"slidesToScroll\": 3,\n                        \"speed\": 2000,\n                        \"autoplaySpeed\": 3000,\n                        \"dots\": false,\n                        \"arrows\": true,\n                        \"infinite\": true,\n                        \"lazyLoad\": \"ondemand\",\n                        \"pauseOnHover\": false,\n                        \"autoplay\": true,\n                        \"centerMode\": false,\n                        \"adaptiveHeight\": false,\n                        \"rtl\": false\n                        }' ><div class='rt-col-md-3 rt-col-sm-4 rt-col-xs-12'><div class='single-logo rt-equal-height ' data-title='ICAC'><div class='single-logo-container'><a target=\"_blank\" href='https:\/\/www.icac.gob.es\/'><img loading=\"lazy\" decoding=\"async\" width=\"402\" height=\"78\" src=\"https:\/\/boada.eu\/wp-content\/uploads\/2022\/11\/ICAC-Boada-Associats.png\" class=\"wls-logo\" alt=\"ICAC - Boada Associats\" title=\"ICAC\" \/><\/a><\/div><\/div><\/div><div class='rt-col-md-3 rt-col-sm-4 rt-col-xs-12'><div class='single-logo rt-equal-height ' data-title='Col\u00b7legi D&#8217;advocats de Barcelona'><div class='single-logo-container'><a target=\"_blank\" href='https:\/\/www.icab.cat\/ca\/'><img loading=\"lazy\" decoding=\"async\" width=\"278\" height=\"278\" src=\"https:\/\/boada.eu\/wp-content\/uploads\/2022\/11\/Col\u00b7legi-Dadvocats-de-Barcelona-1.png\" class=\"wls-logo\" alt=\"Col\u00b7legi D&#039;advocats de Barcelona - Boada Associats\" title=\"Col\u00b7legi D&#8217;advocats de Barcelona\" \/><\/a><\/div><\/div><\/div><div class='rt-col-md-3 rt-col-sm-4 rt-col-xs-12'><div class='single-logo rt-equal-height ' data-title='AEDAF'><div class='single-logo-container'><img loading=\"lazy\" decoding=\"async\" width=\"300\" height=\"100\" src=\"https:\/\/boada.eu\/wp-content\/uploads\/2022\/12\/AEDAF-Boada-Associats.png\" class=\"wls-logo\" alt=\"AEDAF Boada Associats\" title=\"AEDAF\" \/><\/div><\/div><\/div><div class='rt-col-md-3 rt-col-sm-4 rt-col-xs-12'><div class='single-logo rt-equal-height ' data-title='Tesorer\u00eda General de la Seguridad Social'><div class='single-logo-container'><a target=\"_blank\" href='https:\/\/www.seg-social.es\/wps\/portal\/wss\/internet\/Inicio'><img loading=\"lazy\" decoding=\"async\" width=\"420\" height=\"103\" src=\"https:\/\/boada.eu\/wp-content\/uploads\/2022\/11\/TGSS-Boada-Associats.png\" class=\"wls-logo\" alt=\"TGSS - Boada Associats\" title=\"Tesorer\u00eda General de la Seguridad Social\" \/><\/a><\/div><\/div><\/div><div class='rt-col-md-3 rt-col-sm-4 rt-col-xs-12'><div class='single-logo rt-equal-height ' data-title='Catastro'><div class='single-logo-container'><a target=\"_blank\" href='http:\/\/www.catastro.meh.es'><img loading=\"lazy\" decoding=\"async\" width=\"450\" height=\"150\" src=\"https:\/\/boada.eu\/wp-content\/uploads\/2022\/11\/Catastro-Boada-Associats.png\" class=\"wls-logo\" alt=\"Catastro - Boada Associats\" title=\"Catastro\" \/><\/a><\/div><\/div><\/div><div class='rt-col-md-3 rt-col-sm-4 rt-col-xs-12'><div class='single-logo rt-equal-height ' data-title='BOE'><div class='single-logo-container'><a target=\"_blank\" href='https:\/\/www.boe.es\/'><img loading=\"lazy\" decoding=\"async\" width=\"618\" height=\"217\" src=\"https:\/\/boada.eu\/wp-content\/uploads\/2022\/11\/BOE-Boada-Associats-1.png\" class=\"wls-logo\" alt=\"BOE - Boada Associats\" title=\"BOE\" \/><\/a><\/div><\/div><\/div><div class='rt-col-md-3 rt-col-sm-4 rt-col-xs-12'><div class='single-logo rt-equal-height ' data-title='Ayuntamiento de Barcelona'><div class='single-logo-container'><a target=\"_blank\" href='http:\/\/www.bcn.cat\/'><img loading=\"lazy\" decoding=\"async\" width=\"618\" height=\"217\" src=\"https:\/\/boada.eu\/wp-content\/uploads\/2022\/11\/Ajuntament-de-Barcelona-Boada-Associats.png\" class=\"wls-logo\" alt=\"Ajuntament de Barcelona - Boada Associats\" title=\"Ayuntamiento de Barcelona\" \/><\/a><\/div><\/div><\/div><div class='rt-col-md-3 rt-col-sm-4 rt-col-xs-12'><div class='single-logo rt-equal-height ' data-title='Agencia Tributaria'><div class='single-logo-container'><a target=\"_blank\" href='https:\/\/sede.agenciatributaria.gob.es\/'><img loading=\"lazy\" decoding=\"async\" width=\"320\" height=\"187\" src=\"https:\/\/boada.eu\/wp-content\/uploads\/2022\/11\/Agencia-Tributaria-Boada-Associats.svg_.png\" class=\"wls-logo\" alt=\"Agencia Tributaria - Boada Associats\" title=\"Agencia Tributaria\" \/><\/a><\/div><\/div><\/div><div class='rt-col-md-3 rt-col-sm-4 rt-col-xs-12'><div class='single-logo rt-equal-height ' data-title='Col\u00b7legi Economistes de Catalunya'><div class='single-logo-container'><a target=\"_blank\" href='http:\/\/www.coleconomistes.cat'><img loading=\"lazy\" decoding=\"async\" width=\"300\" height=\"150\" src=\"https:\/\/boada.eu\/wp-content\/uploads\/2022\/11\/Col\u00b7legi-Economistes-Boada-Associats.png\" class=\"wls-logo\" alt=\"Col\u00b7legi Economistes - Boada Associats\" title=\"Col\u00b7legi Economistes de Catalunya\" \/><\/a><\/div><\/div><\/div><div class='rt-col-md-3 rt-col-sm-4 rt-col-xs-12'><div class='single-logo rt-equal-height ' data-title='Registradores de Espa\u00f1a'><div class='single-logo-container'><a target=\"_blank\" href='http:\/\/www.registradores.org'><img loading=\"lazy\" decoding=\"async\" width=\"580\" height=\"245\" src=\"https:\/\/boada.eu\/wp-content\/uploads\/2022\/11\/Registradores-Boada-Associats.png\" class=\"wls-logo\" alt=\"Registradores - Boada Associats\" title=\"Registradores de Espa\u00f1a\" \/><\/a><\/div><\/div><\/div><\/div><\/div>[\/vc_column][\/vc_row]<\/p>\n<\/div>","protected":false},"excerpt":{"rendered":"<p>[vc_row css=&#8221;.vc_custom_1668680350963{padding-top: 70px !important;padding-bottom: 60px !important;}&#8221;][vc_column][vc_row_inner css=&#8221;.vc_custom_1726124232874{padding-top: 15px !important;}&#8221;][vc_column_inner][vc_column_text] Descubre nuestros servicios [\/vc_column_text][\/vc_column_inner][\/vc_row_inner][\/vc_column][\/vc_row][vc_row css=&#8221;.vc_custom_1668680468053{padding-bottom: 45px !important;}&#8221;][vc_column width=&#8221;1\/3&#8243;][vc_single_image image=&#8221;3039&#8243; img_size=&#8221;full&#8221; css=&#8221;.vc_custom_1668682475508{padding-top: 30px !important;}&#8221;][\/vc_column][vc_column width=&#8221;2\/3&#8243;][vc_column_text] Asesoramiento Tributario &#8211; Fiscal [\/vc_column_text][vc_separator color=&#8221;peacoc&#8221; align=&#8221;align_left&#8221; border_width=&#8221;2&#8243; el_width=&#8221;60&#8243; css=&#8221;.vc_custom_1671626511687{padding-bottom: 10px !important;}&#8221;][vc_column_text] Asesoramiento permanente a empresas societarias e individuales en su vertiente fiscal. Imposici\u00f3n\u00a0 \u00a0 \u00a0 \u00a0 \u00a0 \u00a0 \u00a0 \u00a0 \u00a0 [&hellip;]<\/p>\n","protected":false},"author":1,"featured_media":0,"parent":0,"menu_order":0,"comment_status":"closed","ping_status":"closed","template":"","meta":{"om_disable_all_campaigns":false,"_monsterinsights_skip_tracking":false,"_monsterinsights_sitenote_active":false,"_monsterinsights_sitenote_note":"","_monsterinsights_sitenote_category":0,"footnotes":""},"class_list":["post-3005","page","type-page","status-publish","hentry"],"aioseo_notices":[],"_links":{"self":[{"href":"https:\/\/boada.eu\/es\/wp-json\/wp\/v2\/pages\/3005","targetHints":{"allow":["GET"]}}],"collection":[{"href":"https:\/\/boada.eu\/es\/wp-json\/wp\/v2\/pages"}],"about":[{"href":"https:\/\/boada.eu\/es\/wp-json\/wp\/v2\/types\/page"}],"author":[{"embeddable":true,"href":"https:\/\/boada.eu\/es\/wp-json\/wp\/v2\/users\/1"}],"replies":[{"embeddable":true,"href":"https:\/\/boada.eu\/es\/wp-json\/wp\/v2\/comments?post=3005"}],"version-history":[{"count":44,"href":"https:\/\/boada.eu\/es\/wp-json\/wp\/v2\/pages\/3005\/revisions"}],"predecessor-version":[{"id":3770,"href":"https:\/\/boada.eu\/es\/wp-json\/wp\/v2\/pages\/3005\/revisions\/3770"}],"wp:attachment":[{"href":"https:\/\/boada.eu\/es\/wp-json\/wp\/v2\/media?parent=3005"}],"curies":[{"name":"wp","href":"https:\/\/api.w.org\/{rel}","templated":true}]}}