{"id":3260,"date":"2022-11-23T09:32:12","date_gmt":"2022-11-23T09:32:12","guid":{"rendered":"https:\/\/boada.eu\/?page_id=3260"},"modified":"2023-12-30T07:59:53","modified_gmt":"2023-12-30T07:59:53","slug":"el-equipo","status":"publish","type":"page","link":"https:\/\/boada.eu\/es\/el-equipo\/","title":{"rendered":"El equipo"},"content":{"rendered":"<div class=\"wpb-content-wrapper\"><p>[vc_row gap=&#8221;15&#8243; css=&#8221;.vc_custom_1669201060607{padding-top: 0px !important;padding-bottom: 40px !important;}&#8221;][vc_column width=&#8221;1\/2&#8243;]<div class=\"\">\r\n\t<div class=\"rt-vc-title-1 rtin-section-title-left\">\r\n\t\t\t\t\t<h2 class=\"rt-section-title-vc title32 mitle28\" style=\"font-size:30px; color:#111111;\">BOADA ASSOCIATS: TUS ASESORES DE CONFIANZA<\/h2>\r\n\t\t\t<\/div>\r\n<\/div>[vc_column_text]<\/p>\n<p style=\"text-align: justify;\">Boada Associats, S.L.P somos un despacho de profesionales, dedicados al asesoramiento integral de empresas con sede en Barcelona. Nuestros servicios se centran especialmente en materia fiscal, mercantil, laboral, contable y civil y van destinados tanto a empresas (societarias e individuales) como a personas f\u00edsicas.<\/p>\n<p style=\"text-align: justify;\">Estamos inscritos en el Colegio de Economistas de Barcelona y el Colegio de Abogados de Barcelona y somos miembros de la Asociaci\u00f3n Espa\u00f1ola de Asesores Fiscales (AEDAF).<\/p>\n<p style=\"text-align: justify;\">Por tal de ofrecer un servicio \u00edntegro, cercano y adaptado a las necesidades de nuestros clientes, el equipo de Boada Associats S.L.P est\u00e1 formado por profesionales altamente cualificados. Economistas, abogados y diplomados en ciencias empresariales, entre otros, trabajan d\u00eda a d\u00eda para garantizar el \u00e9xito de nuestros clientes.<\/p>\n<p>[\/vc_column_text][\/vc_column][vc_column width=&#8221;1\/2&#8243;][vc_empty_space height=&#8221;40px&#8221;][vc_single_image image=&#8221;3272&#8243; img_size=&#8221;full&#8221;][\/vc_column][\/vc_row][vc_row full_width=&#8221;stretch_row&#8221; css=&#8221;.vc_custom_1670235055409{padding-top: 40px !important;padding-bottom: 80px !important;background-image: url(https:\/\/boada.eu\/wp-content\/uploads\/2017\/11\/about_bg.jpg?id=2448) !important;}&#8221;][vc_column width=&#8221;1\/2&#8243;]<div class=\"\">\r\n\t<div class=\"rt-vc-title-1 rtin-section-title-left\">\r\n\t\t\t\t\t<h2 class=\"rt-section-title-vc title32 mitle28\" style=\"font-size:30px; color:#111111;\">CONVENIOS Y ALIANZAS<\/h2>\r\n\t\t\t<\/div>\r\n<\/div>[vc_column_text]<\/p>\n<p style=\"text-align: justify;\">Boada Associats mantenemos convenios y alianzas de colaboraci\u00f3n profesional con diversos especialistas del sector jur\u00eddico en material labora, econ\u00f3mica, civil y mercantil, que son complementarias a las que llevamos a cabo.<\/p>\n<p style=\"text-align: justify;\">El a\u00f1o 2015, Boada Associats S.L.P se une a la alianza de despachos independientes Expert Legal Consulting, con la que reforzar nuestro prop\u00f3sito de ofrecer un asesoramiento global.<\/p>\n<p>[\/vc_column_text][\/vc_column][vc_column width=&#8221;1\/2&#8243;][vc_empty_space height=&#8221;60px&#8221;][vc_single_image image=&#8221;3080&#8243; img_size=&#8221;full&#8221; alignment=&#8221;center&#8221;][vc_empty_space height=&#8221;20px&#8221;][vc_column_text]<\/p>\n<h3 style=\"text-align: center;\"><span style=\"color: #000000;\"><a style=\"color: #000000;\" href=\"https:\/\/www.expertlegalconsulting.com\/?lang=es\">Expert Legal Consulting<\/a><\/span><\/h3>\n<p>[\/vc_column_text][\/vc_column][\/vc_row][vc_row full_width=&#8221;stretch_row&#8221; css=&#8221;.vc_custom_1671626703147{margin-bottom: 0px !important;border-bottom-width: 0px !important;padding-bottom: 0px !important;background-color: #65acbd !important;}&#8221;][vc_column]<div class=\"rt-cta-1  rt-has-sub\">\n\t<div class=\"container\">\n\t\t<div class=\"row\">\n\t\t\t<div class=\"col-lg-9 col-md-9 col-sm-12 col-xs-12\">\n\t\t\t\t<h3 style=\"\">\u00bfNecesitas asesoramiento de los mejores profesionales?<\/h3>\n\t\t\t<\/div>\n\t\t\t<div class=\"col-lg-3 col-md-3 col-sm-12 col-xs-12\">\n\t\t\t\t<div class=\"rtin-cta-contact-button\">\n\t\t\t\t\t\t\t\t\t\t<a class=\"rdtheme-button-5\" href=\"https:\/\/boada.eu\/contacto\/\">Contacta con nosotros<\/a>\n\t\t\t\t\t\t\t\t\t<\/div>\n\t\t\t<\/div>\n\t\t<\/div>\n\t<\/div>\n<\/div>[\/vc_column][\/vc_row][vc_row css=&#8221;.vc_custom_1670227211170{padding-bottom: 0px !important;}&#8221;][vc_column]<style>#rt-container-1693018279 .single-logo h3, #rt-container-1693018279 .single-logo h3 a {}#rt-container-1693018279 .single-logo .logo-description * {}<\/style><div class='rt-container-fluid rt-wpls rt-loading' id='rt-container-1693018279'  data-sc-id='1936' data-desktop-col='4'  data-tab-col='3'  data-mobile-col='1'><div class='rt-row carousel-layout wpls-carousel ' data-slick='{\n                        \"slidesToShow\": 4,\n                        \"slidesToShowTab\": 3,\n                        \"slidesToShowMobile\": 1,\n                        \"slidesToScroll\": 3,\n                        \"speed\": 2000,\n                        \"autoplaySpeed\": 3000,\n                        \"dots\": false,\n                        \"arrows\": true,\n                        \"infinite\": true,\n                        \"lazyLoad\": \"ondemand\",\n                        \"pauseOnHover\": false,\n                        \"autoplay\": true,\n                        \"centerMode\": false,\n                        \"adaptiveHeight\": false,\n                        \"rtl\": false\n                        }' ><div class='rt-col-md-3 rt-col-sm-4 rt-col-xs-12'><div class='single-logo rt-equal-height ' data-title='ICAC'><div class='single-logo-container'><a target=\"_blank\" href='https:\/\/www.icac.gob.es\/'><img loading=\"lazy\" decoding=\"async\" width=\"402\" height=\"78\" src=\"https:\/\/boada.eu\/wp-content\/uploads\/2022\/11\/ICAC-Boada-Associats.png\" class=\"wls-logo\" alt=\"ICAC - Boada Associats\" title=\"ICAC\" \/><\/a><\/div><\/div><\/div><div class='rt-col-md-3 rt-col-sm-4 rt-col-xs-12'><div class='single-logo rt-equal-height ' data-title='Col\u00b7legi D&#8217;advocats de Barcelona'><div class='single-logo-container'><a target=\"_blank\" href='https:\/\/www.icab.cat\/ca\/'><img loading=\"lazy\" decoding=\"async\" width=\"278\" height=\"278\" src=\"https:\/\/boada.eu\/wp-content\/uploads\/2022\/11\/Col\u00b7legi-Dadvocats-de-Barcelona-1.png\" class=\"wls-logo\" alt=\"Col\u00b7legi D&#039;advocats de Barcelona - Boada Associats\" title=\"Col\u00b7legi D&#8217;advocats de Barcelona\" \/><\/a><\/div><\/div><\/div><div class='rt-col-md-3 rt-col-sm-4 rt-col-xs-12'><div class='single-logo rt-equal-height ' data-title='AEDAF'><div class='single-logo-container'><img loading=\"lazy\" decoding=\"async\" width=\"300\" height=\"100\" src=\"https:\/\/boada.eu\/wp-content\/uploads\/2022\/12\/AEDAF-Boada-Associats.png\" class=\"wls-logo\" alt=\"AEDAF Boada Associats\" title=\"AEDAF\" \/><\/div><\/div><\/div><div class='rt-col-md-3 rt-col-sm-4 rt-col-xs-12'><div class='single-logo rt-equal-height ' data-title='Tesorer\u00eda General de la Seguridad Social'><div class='single-logo-container'><a target=\"_blank\" href='https:\/\/www.seg-social.es\/wps\/portal\/wss\/internet\/Inicio'><img loading=\"lazy\" decoding=\"async\" width=\"420\" height=\"103\" src=\"https:\/\/boada.eu\/wp-content\/uploads\/2022\/11\/TGSS-Boada-Associats.png\" class=\"wls-logo\" alt=\"TGSS - Boada Associats\" title=\"Tesorer\u00eda General de la Seguridad Social\" \/><\/a><\/div><\/div><\/div><div class='rt-col-md-3 rt-col-sm-4 rt-col-xs-12'><div class='single-logo rt-equal-height ' data-title='Catastro'><div class='single-logo-container'><a target=\"_blank\" href='http:\/\/www.catastro.meh.es'><img loading=\"lazy\" decoding=\"async\" width=\"450\" height=\"150\" src=\"https:\/\/boada.eu\/wp-content\/uploads\/2022\/11\/Catastro-Boada-Associats.png\" class=\"wls-logo\" alt=\"Catastro - Boada Associats\" title=\"Catastro\" \/><\/a><\/div><\/div><\/div><div class='rt-col-md-3 rt-col-sm-4 rt-col-xs-12'><div class='single-logo rt-equal-height ' data-title='BOE'><div class='single-logo-container'><a target=\"_blank\" href='https:\/\/www.boe.es\/'><img loading=\"lazy\" decoding=\"async\" width=\"618\" height=\"217\" src=\"https:\/\/boada.eu\/wp-content\/uploads\/2022\/11\/BOE-Boada-Associats-1.png\" class=\"wls-logo\" alt=\"BOE - Boada Associats\" title=\"BOE\" \/><\/a><\/div><\/div><\/div><div class='rt-col-md-3 rt-col-sm-4 rt-col-xs-12'><div class='single-logo rt-equal-height ' data-title='Ayuntamiento de Barcelona'><div class='single-logo-container'><a target=\"_blank\" href='http:\/\/www.bcn.cat\/'><img loading=\"lazy\" decoding=\"async\" width=\"618\" height=\"217\" src=\"https:\/\/boada.eu\/wp-content\/uploads\/2022\/11\/Ajuntament-de-Barcelona-Boada-Associats.png\" class=\"wls-logo\" alt=\"Ajuntament de Barcelona - Boada Associats\" title=\"Ayuntamiento de Barcelona\" \/><\/a><\/div><\/div><\/div><div class='rt-col-md-3 rt-col-sm-4 rt-col-xs-12'><div class='single-logo rt-equal-height ' data-title='Agencia Tributaria'><div class='single-logo-container'><a target=\"_blank\" href='https:\/\/sede.agenciatributaria.gob.es\/'><img loading=\"lazy\" decoding=\"async\" width=\"320\" height=\"187\" src=\"https:\/\/boada.eu\/wp-content\/uploads\/2022\/11\/Agencia-Tributaria-Boada-Associats.svg_.png\" class=\"wls-logo\" alt=\"Agencia Tributaria - Boada Associats\" title=\"Agencia Tributaria\" \/><\/a><\/div><\/div><\/div><div class='rt-col-md-3 rt-col-sm-4 rt-col-xs-12'><div class='single-logo rt-equal-height ' data-title='Col\u00b7legi Economistes de Catalunya'><div class='single-logo-container'><a target=\"_blank\" href='http:\/\/www.coleconomistes.cat'><img loading=\"lazy\" decoding=\"async\" width=\"300\" height=\"150\" src=\"https:\/\/boada.eu\/wp-content\/uploads\/2022\/11\/Col\u00b7legi-Economistes-Boada-Associats.png\" class=\"wls-logo\" alt=\"Col\u00b7legi Economistes - Boada Associats\" title=\"Col\u00b7legi Economistes de Catalunya\" \/><\/a><\/div><\/div><\/div><div class='rt-col-md-3 rt-col-sm-4 rt-col-xs-12'><div class='single-logo rt-equal-height ' data-title='Registradores de Espa\u00f1a'><div class='single-logo-container'><a target=\"_blank\" href='http:\/\/www.registradores.org'><img loading=\"lazy\" decoding=\"async\" width=\"580\" height=\"245\" src=\"https:\/\/boada.eu\/wp-content\/uploads\/2022\/11\/Registradores-Boada-Associats.png\" class=\"wls-logo\" alt=\"Registradores - Boada Associats\" title=\"Registradores de Espa\u00f1a\" \/><\/a><\/div><\/div><\/div><\/div><\/div>[\/vc_column][\/vc_row]<\/p>\n<\/div>","protected":false},"excerpt":{"rendered":"<p>[vc_row gap=&#8221;15&#8243; css=&#8221;.vc_custom_1669201060607{padding-top: 0px !important;padding-bottom: 40px !important;}&#8221;][vc_column width=&#8221;1\/2&#8243;][vc_column_text] Boada Associats, S.L.P somos un despacho de profesionales, dedicados al asesoramiento integral de empresas con sede en Barcelona. Nuestros servicios se centran especialmente en materia fiscal, mercantil, laboral, contable y civil y van destinados tanto a empresas (societarias e individuales) como a personas f\u00edsicas. Estamos inscritos en [&hellip;]<\/p>\n","protected":false},"author":1,"featured_media":0,"parent":0,"menu_order":0,"comment_status":"closed","ping_status":"closed","template":"","meta":{"om_disable_all_campaigns":false,"_monsterinsights_skip_tracking":false,"_monsterinsights_sitenote_active":false,"_monsterinsights_sitenote_note":"","_monsterinsights_sitenote_category":0,"footnotes":""},"class_list":["post-3260","page","type-page","status-publish","hentry"],"aioseo_notices":[],"_links":{"self":[{"href":"https:\/\/boada.eu\/es\/wp-json\/wp\/v2\/pages\/3260","targetHints":{"allow":["GET"]}}],"collection":[{"href":"https:\/\/boada.eu\/es\/wp-json\/wp\/v2\/pages"}],"about":[{"href":"https:\/\/boada.eu\/es\/wp-json\/wp\/v2\/types\/page"}],"author":[{"embeddable":true,"href":"https:\/\/boada.eu\/es\/wp-json\/wp\/v2\/users\/1"}],"replies":[{"embeddable":true,"href":"https:\/\/boada.eu\/es\/wp-json\/wp\/v2\/comments?post=3260"}],"version-history":[{"count":20,"href":"https:\/\/boada.eu\/es\/wp-json\/wp\/v2\/pages\/3260\/revisions"}],"predecessor-version":[{"id":3756,"href":"https:\/\/boada.eu\/es\/wp-json\/wp\/v2\/pages\/3260\/revisions\/3756"}],"wp:attachment":[{"href":"https:\/\/boada.eu\/es\/wp-json\/wp\/v2\/media?parent=3260"}],"curies":[{"name":"wp","href":"https:\/\/api.w.org\/{rel}","templated":true}]}}